{"id":781,"date":"2023-06-06T08:35:55","date_gmt":"2023-06-06T08:35:55","guid":{"rendered":"http:\/\/dmn190.ipmarketing.grn.es\/blog\/"},"modified":"2023-12-12T10:02:35","modified_gmt":"2023-12-12T10:02:35","slug":"blog","status":"publish","type":"page","link":"https:\/\/gonzalezinformaticafacil.com\/ca\/blog\/","title":{"rendered":"Blog"},"content":{"rendered":"<p>[et_pb_section fb_built=&#8221;1&#8243; admin_label=&#8221;Header&#8221; _builder_version=&#8221;4.23.1&#8243; use_background_color_gradient=&#8221;on&#8221; background_color_gradient_type=&#8221;circular&#8221; background_color_gradient_stops=&#8221;#275474 0%|#275474 100%&#8221; background_color_gradient_start=&#8221;#004183&#8243; background_color_gradient_end=&#8221;#001f4c&#8221; background_image=&#8221;https:\/\/gonzalezinformaticafacil.com\/wp-content\/uploads\/cyber-security-05-1.png&#8221; background_position=&#8221;bottom_center&#8221; custom_padding=&#8221;6vw||12vw||false|false&#8221; locked=&#8221;off&#8221; global_colors_info=&#8221;{}&#8221;][et_pb_row column_structure=&#8221;1_2,1_2&#8243; _builder_version=&#8221;4.23.1&#8243; z_index=&#8221;10&#8243; hover_enabled=&#8221;0&#8243; global_colors_info=&#8221;{}&#8221; sticky_enabled=&#8221;0&#8243;][et_pb_column type=&#8221;1_2&#8243; _builder_version=&#8221;4.16&#8243; global_colors_info=&#8221;{}&#8221;][et_pb_text _builder_version=&#8221;4.23.1&#8243; text_font=&#8221;||||||||&#8221; header_font=&#8221;Ruda|900|||||||&#8221; header_font_size=&#8221;84px&#8221; background_layout=&#8221;dark&#8221; header_font_size_tablet=&#8221;54px&#8221; header_font_size_phone=&#8221;32px&#8221; header_font_size_last_edited=&#8221;on|desktop&#8221; locked=&#8221;off&#8221; global_colors_info=&#8221;{}&#8221;]<\/p>\n<h1>Not\u00edcies i actualitat<\/h1>\n<p>[\/et_pb_text][\/et_pb_column][et_pb_column type=&#8221;1_2&#8243; _builder_version=&#8221;4.16&#8243; global_colors_info=&#8221;{}&#8221;][\/et_pb_column][\/et_pb_row][\/et_pb_section][et_pb_section fb_built=&#8221;1&#8243; admin_label=&#8221;Blog&#8221; _builder_version=&#8221;4.16&#8243; custom_padding=&#8221;|||||&#8221; top_divider_height=&#8221;25vw&#8221; top_divider_flip=&#8221;horizontal&#8221; bottom_divider_style=&#8221;slant&#8221; bottom_divider_color=&#8221;#f1fafe&#8221; bottom_divider_height=&#8221;27vw&#8221; bottom_divider_flip=&#8221;horizontal&#8221; global_colors_info=&#8221;{}&#8221;][et_pb_row custom_padding_last_edited=&#8221;on|phone&#8221; _builder_version=&#8221;4.23.1&#8243; background_color=&#8221;#ffffff&#8221; z_index=&#8221;1&#8243; custom_margin=&#8221;|||||&#8221; custom_padding=&#8221;60px|60px|60px|60px|true|true&#8221; custom_padding_tablet=&#8221;|40px||40px||true&#8221; custom_padding_phone=&#8221;|20px||20px||true&#8221; hover_enabled=&#8221;0&#8243; border_radii=&#8221;on|10px|10px|10px|10px&#8221; box_shadow_style=&#8221;preset1&#8243; box_shadow_vertical=&#8221;10px&#8221; box_shadow_blur=&#8221;60px&#8221; box_shadow_color=&#8221;rgba(10,45,97,0.1)&#8221; locked=&#8221;off&#8221; global_colors_info=&#8221;{}&#8221; sticky_enabled=&#8221;0&#8243;][et_pb_column type=&#8221;4_4&#8243; _builder_version=&#8221;4.16&#8243; global_colors_info=&#8221;{}&#8221;][et_pb_blog fullwidth=&#8221;off&#8221; posts_number=&#8221;6&#8243; show_author=&#8221;off&#8221; show_date=&#8221;off&#8221; _builder_version=&#8221;4.23.1&#8243; header_font=&#8221;Overpass|900|||||||&#8221; header_line_height=&#8221;1.4em&#8221; body_font=&#8221;Overpass|300|||||||&#8221; body_line_height=&#8221;1.3em&#8221; meta_font=&#8221;Overpass||||||||&#8221; meta_text_color=&#8221;#FD8B5E&#8221; pagination_font=&#8221;Overpass|700|||||||&#8221; pagination_text_color=&#8221;#004183&#8243; pagination_font_size=&#8221;18px&#8221; hover_enabled=&#8221;0&#8243; header_font_size_tablet=&#8221;&#8221; header_font_size_phone=&#8221;15px&#8221; header_font_size_last_edited=&#8221;on|desktop&#8221; border_width_all=&#8221;0px&#8221; global_colors_info=&#8221;{}&#8221; meta_text_color__hover_enabled=&#8221;on|hover&#8221; sticky_enabled=&#8221;0&#8243; meta_text_color__hover=&#8221;#275474&#8243;][\/et_pb_blog][\/et_pb_column][\/et_pb_row][\/et_pb_section]<\/p>\n","protected":false},"excerpt":{"rendered":"<p>Not\u00edcies i actualitat<\/p>\n","protected":false},"author":1,"featured_media":0,"parent":0,"menu_order":0,"comment_status":"closed","ping_status":"closed","template":"","meta":{"_et_pb_use_builder":"on","_et_pb_old_content":"","_et_gb_content_width":"","footnotes":""},"class_list":["post-781","page","type-page","status-publish","hentry"],"yoast_head":"<!-- This site is optimized with the Yoast SEO plugin v27.4 - https:\/\/yoast.com\/product\/yoast-seo-wordpress\/ -->\n<title>Blog |<\/title>\n<meta name=\"robots\" content=\"index, follow, max-snippet:-1, max-image-preview:large, max-video-preview:-1\" \/>\n<link rel=\"canonical\" href=\"https:\/\/gonzalezinformaticafacil.com\/blog\/\" \/>\n<meta property=\"og:locale\" content=\"ca_ES\" \/>\n<meta property=\"og:type\" content=\"article\" \/>\n<meta property=\"og:title\" content=\"Blog |\" \/>\n<meta property=\"og:description\" content=\"Not\u00edcies i actualitat\" \/>\n<meta property=\"og:url\" content=\"https:\/\/gonzalezinformaticafacil.com\/blog\/\" \/>\n<meta property=\"og:site_name\" content=\"Inform\u00e0tica f\u00e0cil\" \/>\n<meta property=\"article:modified_time\" content=\"2023-12-12T10:02:35+00:00\" \/>\n<meta property=\"og:image\" content=\"https:\/\/gonzalezinformaticafacil.com\/wp-content\/uploads\/Diseno-sin-titulo-2.png\" \/>\n\t<meta property=\"og:image:width\" content=\"500\" \/>\n\t<meta property=\"og:image:height\" content=\"500\" \/>\n\t<meta property=\"og:image:type\" content=\"image\/png\" \/>\n<meta name=\"twitter:card\" content=\"summary_large_image\" \/>\n<meta name=\"twitter:label1\" content=\"Temps estimat de lectura\" \/>\n\t<meta name=\"twitter:data1\" content=\"2 minuts\" \/>\n<script type=\"application\/ld+json\" class=\"yoast-schema-graph\">{\"@context\":\"https:\\\/\\\/schema.org\",\"@graph\":[{\"@type\":\"WebPage\",\"@id\":\"https:\\\/\\\/gonzalezinformaticafacil.com\\\/blog\\\/\",\"url\":\"https:\\\/\\\/gonzalezinformaticafacil.com\\\/blog\\\/\",\"name\":\"Blog |\",\"isPartOf\":{\"@id\":\"https:\\\/\\\/gonzalezinformaticafacil.com\\\/#website\"},\"datePublished\":\"2023-06-06T08:35:55+00:00\",\"dateModified\":\"2023-12-12T10:02:35+00:00\",\"breadcrumb\":{\"@id\":\"https:\\\/\\\/gonzalezinformaticafacil.com\\\/blog\\\/#breadcrumb\"},\"inLanguage\":\"ca\",\"potentialAction\":[{\"@type\":\"ReadAction\",\"target\":[\"https:\\\/\\\/gonzalezinformaticafacil.com\\\/blog\\\/\"]}]},{\"@type\":\"BreadcrumbList\",\"@id\":\"https:\\\/\\\/gonzalezinformaticafacil.com\\\/blog\\\/#breadcrumb\",\"itemListElement\":[{\"@type\":\"ListItem\",\"position\":1,\"name\":\"Portada\",\"item\":\"https:\\\/\\\/gonzalezinformaticafacil.com\\\/\"},{\"@type\":\"ListItem\",\"position\":2,\"name\":\"Blog\"}]},{\"@type\":\"WebSite\",\"@id\":\"https:\\\/\\\/gonzalezinformaticafacil.com\\\/#website\",\"url\":\"https:\\\/\\\/gonzalezinformaticafacil.com\\\/\",\"name\":\"Gonzalez Inform\u00e0tica f\u00e0cil\",\"description\":\"Servicios inform\u00e1ticos y de formaci\u00f3n\",\"publisher\":{\"@id\":\"https:\\\/\\\/gonzalezinformaticafacil.com\\\/#organization\"},\"potentialAction\":[{\"@type\":\"SearchAction\",\"target\":{\"@type\":\"EntryPoint\",\"urlTemplate\":\"https:\\\/\\\/gonzalezinformaticafacil.com\\\/?s={search_term_string}\"},\"query-input\":{\"@type\":\"PropertyValueSpecification\",\"valueRequired\":true,\"valueName\":\"search_term_string\"}}],\"inLanguage\":\"ca\"},{\"@type\":\"Organization\",\"@id\":\"https:\\\/\\\/gonzalezinformaticafacil.com\\\/#organization\",\"name\":\"Gonzalez Inform\u00e0tica f\u00e0cil\",\"url\":\"https:\\\/\\\/gonzalezinformaticafacil.com\\\/\",\"logo\":{\"@type\":\"ImageObject\",\"inLanguage\":\"ca\",\"@id\":\"https:\\\/\\\/gonzalezinformaticafacil.com\\\/#\\\/schema\\\/logo\\\/image\\\/\",\"url\":\"https:\\\/\\\/gonzalezinformaticafacil.com\\\/wp-content\\\/uploads\\\/logotipo-informaticafacil-vertical.svg\",\"contentUrl\":\"https:\\\/\\\/gonzalezinformaticafacil.com\\\/wp-content\\\/uploads\\\/logotipo-informaticafacil-vertical.svg\",\"width\":1,\"height\":1,\"caption\":\"Gonzalez Inform\u00e0tica f\u00e0cil\"},\"image\":{\"@id\":\"https:\\\/\\\/gonzalezinformaticafacil.com\\\/#\\\/schema\\\/logo\\\/image\\\/\"}}]}<\/script>\n<!-- \/ Yoast SEO plugin. -->","yoast_head_json":{"title":"Blog |","robots":{"index":"index","follow":"follow","max-snippet":"max-snippet:-1","max-image-preview":"max-image-preview:large","max-video-preview":"max-video-preview:-1"},"canonical":"https:\/\/gonzalezinformaticafacil.com\/blog\/","og_locale":"ca_ES","og_type":"article","og_title":"Blog |","og_description":"Not\u00edcies i actualitat","og_url":"https:\/\/gonzalezinformaticafacil.com\/blog\/","og_site_name":"Inform\u00e0tica f\u00e0cil","article_modified_time":"2023-12-12T10:02:35+00:00","og_image":[{"width":500,"height":500,"url":"https:\/\/gonzalezinformaticafacil.com\/wp-content\/uploads\/Diseno-sin-titulo-2.png","type":"image\/png"}],"twitter_card":"summary_large_image","twitter_misc":{"Temps estimat de lectura":"2 minuts"},"schema":{"@context":"https:\/\/schema.org","@graph":[{"@type":"WebPage","@id":"https:\/\/gonzalezinformaticafacil.com\/blog\/","url":"https:\/\/gonzalezinformaticafacil.com\/blog\/","name":"Blog |","isPartOf":{"@id":"https:\/\/gonzalezinformaticafacil.com\/#website"},"datePublished":"2023-06-06T08:35:55+00:00","dateModified":"2023-12-12T10:02:35+00:00","breadcrumb":{"@id":"https:\/\/gonzalezinformaticafacil.com\/blog\/#breadcrumb"},"inLanguage":"ca","potentialAction":[{"@type":"ReadAction","target":["https:\/\/gonzalezinformaticafacil.com\/blog\/"]}]},{"@type":"BreadcrumbList","@id":"https:\/\/gonzalezinformaticafacil.com\/blog\/#breadcrumb","itemListElement":[{"@type":"ListItem","position":1,"name":"Portada","item":"https:\/\/gonzalezinformaticafacil.com\/"},{"@type":"ListItem","position":2,"name":"Blog"}]},{"@type":"WebSite","@id":"https:\/\/gonzalezinformaticafacil.com\/#website","url":"https:\/\/gonzalezinformaticafacil.com\/","name":"Gonzalez Inform\u00e0tica f\u00e0cil","description":"Servicios inform\u00e1ticos y de formaci\u00f3n","publisher":{"@id":"https:\/\/gonzalezinformaticafacil.com\/#organization"},"potentialAction":[{"@type":"SearchAction","target":{"@type":"EntryPoint","urlTemplate":"https:\/\/gonzalezinformaticafacil.com\/?s={search_term_string}"},"query-input":{"@type":"PropertyValueSpecification","valueRequired":true,"valueName":"search_term_string"}}],"inLanguage":"ca"},{"@type":"Organization","@id":"https:\/\/gonzalezinformaticafacil.com\/#organization","name":"Gonzalez Inform\u00e0tica f\u00e0cil","url":"https:\/\/gonzalezinformaticafacil.com\/","logo":{"@type":"ImageObject","inLanguage":"ca","@id":"https:\/\/gonzalezinformaticafacil.com\/#\/schema\/logo\/image\/","url":"https:\/\/gonzalezinformaticafacil.com\/wp-content\/uploads\/logotipo-informaticafacil-vertical.svg","contentUrl":"https:\/\/gonzalezinformaticafacil.com\/wp-content\/uploads\/logotipo-informaticafacil-vertical.svg","width":1,"height":1,"caption":"Gonzalez Inform\u00e0tica f\u00e0cil"},"image":{"@id":"https:\/\/gonzalezinformaticafacil.com\/#\/schema\/logo\/image\/"}}]}},"_links":{"self":[{"href":"https:\/\/gonzalezinformaticafacil.com\/ca\/wp-json\/wp\/v2\/pages\/781","targetHints":{"allow":["GET"]}}],"collection":[{"href":"https:\/\/gonzalezinformaticafacil.com\/ca\/wp-json\/wp\/v2\/pages"}],"about":[{"href":"https:\/\/gonzalezinformaticafacil.com\/ca\/wp-json\/wp\/v2\/types\/page"}],"author":[{"embeddable":true,"href":"https:\/\/gonzalezinformaticafacil.com\/ca\/wp-json\/wp\/v2\/users\/1"}],"replies":[{"embeddable":true,"href":"https:\/\/gonzalezinformaticafacil.com\/ca\/wp-json\/wp\/v2\/comments?post=781"}],"version-history":[{"count":5,"href":"https:\/\/gonzalezinformaticafacil.com\/ca\/wp-json\/wp\/v2\/pages\/781\/revisions"}],"predecessor-version":[{"id":786,"href":"https:\/\/gonzalezinformaticafacil.com\/ca\/wp-json\/wp\/v2\/pages\/781\/revisions\/786"}],"wp:attachment":[{"href":"https:\/\/gonzalezinformaticafacil.com\/ca\/wp-json\/wp\/v2\/media?parent=781"}],"curies":[{"name":"wp","href":"https:\/\/api.w.org\/{rel}","templated":true}]}}