{"id":787,"date":"2023-06-06T08:35:45","date_gmt":"2023-06-06T08:35:45","guid":{"rendered":"http:\/\/dmn190.ipmarketing.grn.es\/contacte\/"},"modified":"2024-02-08T14:54:00","modified_gmt":"2024-02-08T14:54:00","slug":"contacte","status":"publish","type":"page","link":"https:\/\/gonzalezinformaticafacil.com\/ca\/contacte\/","title":{"rendered":"Contacte"},"content":{"rendered":"<p>[et_pb_section fb_built=&#8221;1&#8243; admin_label=&#8221;Header&#8221; _builder_version=&#8221;4.23&#8243; use_background_color_gradient=&#8221;on&#8221; background_color_gradient_type=&#8221;circular&#8221; background_color_gradient_direction_radial=&#8221;top&#8221; background_color_gradient_stops=&#8221;#fda85e 0%|#e0744e 100%&#8221; background_color_gradient_start=&#8221;#004183&#8243; background_color_gradient_end=&#8221;#001f4c&#8221; background_image=&#8221;https:\/\/gonzalezinformaticafacil.com\/wp-content\/uploads\/cyber-security-05.png&#8221; custom_margin=&#8221;-39px||||false|false&#8221; custom_margin_tablet=&#8221;-22px||||false|false&#8221; custom_margin_phone=&#8221;0px||||false|false&#8221; custom_margin_last_edited=&#8221;on|tablet&#8221; custom_padding=&#8221;6vw|||||&#8221; locked=&#8221;off&#8221; global_colors_info=&#8221;{}&#8221;][et_pb_row column_structure=&#8221;3_4,1_4&#8243; _builder_version=&#8221;4.23&#8243; z_index=&#8221;1&#8243; width_tablet=&#8221;&#8221; width_phone=&#8221;85%&#8221; width_last_edited=&#8221;on|phone&#8221; max_width_tablet=&#8221;&#8221; max_width_phone=&#8221;1920px&#8221; max_width_last_edited=&#8221;on|phone&#8221; global_colors_info=&#8221;{}&#8221;][et_pb_column type=&#8221;3_4&#8243; _builder_version=&#8221;4.16&#8243; global_colors_info=&#8221;{}&#8221;][et_pb_text _builder_version=&#8221;4.23.1&#8243; text_font=&#8221;||||||||&#8221; text_text_color=&#8221;#FCE248&#8243; text_font_size=&#8221;32px&#8221; header_2_font=&#8221;|800|||||||&#8221; header_2_font_size=&#8221;56px&#8221; header_3_font=&#8221;Overpass|600|||||||&#8221; header_3_text_color=&#8221;#00b4ff&#8221; header_3_font_size=&#8221;30px&#8221; header_3_line_height=&#8221;1.2em&#8221; background_layout=&#8221;dark&#8221; header_2_font_size_tablet=&#8221;38px&#8221; header_2_font_size_phone=&#8221;26px&#8221; header_2_font_size_last_edited=&#8221;on|desktop&#8221; header_3_font_tablet=&#8221;&#8221; header_3_font_phone=&#8221;Overpass|700|||||||&#8221; header_3_font_last_edited=&#8221;on|phone&#8221; header_3_font_size_tablet=&#8221;24px&#8221; header_3_font_size_phone=&#8221;18px&#8221; header_3_font_size_last_edited=&#8221;on|desktop&#8221; locked=&#8221;off&#8221; global_colors_info=&#8221;{}&#8221;]<span>Volem con\u00e8ixer-te<\/span>[\/et_pb_text][et_pb_text _builder_version=&#8221;4.23&#8243; text_font=&#8221;||||||||&#8221; text_text_color=&#8221;#FCE248&#8243; text_font_size=&#8221;32px&#8221; header_2_font=&#8221;|800|||||||&#8221; header_2_text_color=&#8221;#275474&#8243; header_2_font_size=&#8221;56px&#8221; header_3_font=&#8221;Overpass|600|||||||&#8221; header_3_text_color=&#8221;#00b4ff&#8221; header_3_font_size=&#8221;30px&#8221; header_3_line_height=&#8221;1.2em&#8221; background_layout=&#8221;dark&#8221; header_2_font_size_tablet=&#8221;38px&#8221; header_2_font_size_phone=&#8221;42px&#8221; header_2_font_size_last_edited=&#8221;on|desktop&#8221; header_3_font_tablet=&#8221;&#8221; header_3_font_phone=&#8221;Overpass|700|||||||&#8221; header_3_font_last_edited=&#8221;on|phone&#8221; header_3_font_size_tablet=&#8221;24px&#8221; header_3_font_size_phone=&#8221;18px&#8221; header_3_font_size_last_edited=&#8221;on|desktop&#8221; locked=&#8221;off&#8221; global_colors_info=&#8221;{}&#8221;]<\/p>\n<h2>Per qualsevol dubte que tinguis, nosaltres som aqu\u00ed per resoldre-les<\/h2>\n<p>[\/et_pb_text][et_pb_divider divider_weight=&#8221;2px&#8221; _builder_version=&#8221;4.23&#8243; width=&#8221;100px&#8221; custom_margin=&#8221;||0px&#8221; locked=&#8221;off&#8221; global_colors_info=&#8221;{}&#8221;][\/et_pb_divider][\/et_pb_column][et_pb_column type=&#8221;1_4&#8243; _builder_version=&#8221;4.16&#8243; global_colors_info=&#8221;{}&#8221;][\/et_pb_column][\/et_pb_row][et_pb_row _builder_version=&#8221;4.23&#8243; _module_preset=&#8221;default&#8221; background_color=&#8221;#FFFFFF&#8221; custom_padding=&#8221;5vh|3vw|5vh|3vw|true|true&#8221; border_radii=&#8221;on|20px|20px|20px|20px&#8221; box_shadow_style=&#8221;preset1&#8243; box_shadow_horizontal=&#8221;3px&#8221; box_shadow_vertical=&#8221;10px&#8221; box_shadow_blur=&#8221;20px&#8221; box_shadow_color=&#8221;rgba(39,84,116,0.45)&#8221; locked=&#8221;off&#8221; global_colors_info=&#8221;{}&#8221;][et_pb_column type=&#8221;4_4&#8243; _builder_version=&#8221;4.23&#8243; _module_preset=&#8221;default&#8221; global_colors_info=&#8221;{}&#8221;][et_pb_contact_form use_spam_service=&#8221;on&#8221; recaptcha_list=&#8221;Informatica facil|Informatica facil-0&#8243; email=&#8221;hola@gonzalezinformaticafacil.com&#8221; custom_message=&#8221;Formulari contacte p\u00e0gina Contacto:||et_pb_line_break_holder||||et_pb_line_break_holder||Nom: %%Nombre%%||et_pb_line_break_holder||Email: %%Correo_electronico%%||et_pb_line_break_holder||Missatge: %%Mensaje%%||et_pb_line_break_holder||Enviament comuniacions comercials: %%Comercial%%&#8221; submit_button_text=&#8221;ENVIAR&#8221; _builder_version=&#8221;4.23.1&#8243; form_field_background_color=&#8221;#d8e6f0&#8243; form_field_text_color=&#8221;#275474&#8243; form_field_focus_background_color=&#8221;#eaf2ff&#8221; form_field_focus_text_color=&#8221;#275474&#8243; form_field_custom_margin=&#8221;||30px&#8221; form_field_font=&#8221;Overpass|600|||||||&#8221; custom_button=&#8221;on&#8221; button_text_size=&#8221;14px&#8221; button_text_color=&#8221;#275474&#8243; button_bg_color=&#8221;RGBA(255,255,255,0)&#8221; button_border_width=&#8221;2px&#8221; button_border_color=&#8221;#275474&#8243; button_border_radius=&#8221;100px&#8221; button_font=&#8221;Ruda|900||on|||||&#8221; button_use_icon=&#8221;off&#8221; button_custom_padding=&#8221;12px|24px|12px|24px|true|true&#8221; hover_enabled=&#8221;0&#8243; locked=&#8221;off&#8221; global_colors_info=&#8221;{}&#8221; sticky_enabled=&#8221;0&#8243;][et_pb_contact_field field_id=&#8221;Nombre&#8221; field_title=&#8221;Nom&#8221; _builder_version=&#8221;4.23&#8243; global_colors_info=&#8221;{}&#8221; button_text_size__hover_enabled=&#8221;off&#8221; button_one_text_size__hover_enabled=&#8221;off&#8221; button_two_text_size__hover_enabled=&#8221;off&#8221; button_text_color__hover_enabled=&#8221;off&#8221; button_one_text_color__hover_enabled=&#8221;off&#8221; button_two_text_color__hover_enabled=&#8221;off&#8221; button_border_width__hover_enabled=&#8221;off&#8221; button_one_border_width__hover_enabled=&#8221;off&#8221; button_two_border_width__hover_enabled=&#8221;off&#8221; button_border_color__hover_enabled=&#8221;off&#8221; button_one_border_color__hover_enabled=&#8221;off&#8221; button_two_border_color__hover_enabled=&#8221;off&#8221; button_border_radius__hover_enabled=&#8221;off&#8221; button_one_border_radius__hover_enabled=&#8221;off&#8221; button_two_border_radius__hover_enabled=&#8221;off&#8221; button_letter_spacing__hover_enabled=&#8221;off&#8221; button_one_letter_spacing__hover_enabled=&#8221;off&#8221; button_two_letter_spacing__hover_enabled=&#8221;off&#8221; button_bg_color__hover_enabled=&#8221;off&#8221; button_one_bg_color__hover_enabled=&#8221;off&#8221; button_two_bg_color__hover_enabled=&#8221;off&#8221;][\/et_pb_contact_field][et_pb_contact_field field_id=&#8221;Correo_electronico&#8221; field_title=&#8221;Correu electr\u00f2nic&#8221; field_type=&#8221;email&#8221; _builder_version=&#8221;4.23&#8243; global_colors_info=&#8221;{}&#8221; button_text_size__hover_enabled=&#8221;off&#8221; button_one_text_size__hover_enabled=&#8221;off&#8221; button_two_text_size__hover_enabled=&#8221;off&#8221; button_text_color__hover_enabled=&#8221;off&#8221; button_one_text_color__hover_enabled=&#8221;off&#8221; button_two_text_color__hover_enabled=&#8221;off&#8221; button_border_width__hover_enabled=&#8221;off&#8221; button_one_border_width__hover_enabled=&#8221;off&#8221; button_two_border_width__hover_enabled=&#8221;off&#8221; button_border_color__hover_enabled=&#8221;off&#8221; button_one_border_color__hover_enabled=&#8221;off&#8221; button_two_border_color__hover_enabled=&#8221;off&#8221; button_border_radius__hover_enabled=&#8221;off&#8221; button_one_border_radius__hover_enabled=&#8221;off&#8221; button_two_border_radius__hover_enabled=&#8221;off&#8221; button_letter_spacing__hover_enabled=&#8221;off&#8221; button_one_letter_spacing__hover_enabled=&#8221;off&#8221; button_two_letter_spacing__hover_enabled=&#8221;off&#8221; button_bg_color__hover_enabled=&#8221;off&#8221; button_one_bg_color__hover_enabled=&#8221;off&#8221; button_two_bg_color__hover_enabled=&#8221;off&#8221;][\/et_pb_contact_field][et_pb_contact_field field_id=&#8221;Mensaje&#8221; field_title=&#8221;Missatge&#8221; field_type=&#8221;text&#8221; fullwidth_field=&#8221;on&#8221; _builder_version=&#8221;4.23&#8243; global_colors_info=&#8221;{}&#8221; button_text_size__hover_enabled=&#8221;off&#8221; button_one_text_size__hover_enabled=&#8221;off&#8221; button_two_text_size__hover_enabled=&#8221;off&#8221; button_text_color__hover_enabled=&#8221;off&#8221; button_one_text_color__hover_enabled=&#8221;off&#8221; button_two_text_color__hover_enabled=&#8221;off&#8221; button_border_width__hover_enabled=&#8221;off&#8221; button_one_border_width__hover_enabled=&#8221;off&#8221; button_two_border_width__hover_enabled=&#8221;off&#8221; button_border_color__hover_enabled=&#8221;off&#8221; button_one_border_color__hover_enabled=&#8221;off&#8221; button_two_border_color__hover_enabled=&#8221;off&#8221; button_border_radius__hover_enabled=&#8221;off&#8221; button_one_border_radius__hover_enabled=&#8221;off&#8221; button_two_border_radius__hover_enabled=&#8221;off&#8221; button_letter_spacing__hover_enabled=&#8221;off&#8221; button_one_letter_spacing__hover_enabled=&#8221;off&#8221; button_two_letter_spacing__hover_enabled=&#8221;off&#8221; button_bg_color__hover_enabled=&#8221;off&#8221; button_one_bg_color__hover_enabled=&#8221;off&#8221; button_two_bg_color__hover_enabled=&#8221;off&#8221;][\/et_pb_contact_field][et_pb_contact_field field_id=&#8221;Comercial&#8221; field_title=&#8221; &#8221; field_type=&#8221;checkbox&#8221; checkbox_options=&#8221;%91{%22value%22:%22 Vull rebre comunicacions comercials de GONZ\u00c1LEZ INFORM\u00c1TICA F\u00c1CIL%22,%22checked%22:0,%22dragID%22:-1,%22link_url%22:%22%22,%22link_text%22:%22%22}%93&#8243; required_mark=&#8221;off&#8221; fullwidth_field=&#8221;on&#8221; _builder_version=&#8221;4.23.1&#8243; _module_preset=&#8221;default&#8221; form_field_background_color=&#8221;RGBA(255,255,255,0)&#8221; form_field_text_color=&#8221;#275474&#8243; form_field_font=&#8221;Ruda|600|||||||&#8221; custom_margin=&#8221;||-1px||false|false&#8221; hover_enabled=&#8221;0&#8243; border_width_all=&#8221;1px&#8221; global_colors_info=&#8221;{}&#8221; sticky_enabled=&#8221;0&#8243;][\/et_pb_contact_field][et_pb_contact_field field_id=&#8221;rgpd&#8221; field_title=&#8221; &#8221; field_type=&#8221;checkbox&#8221; checkbox_options=&#8221;%91{%22value%22:%22 He llegit i accepto la %22,%22checked%22:0,%22dragID%22:-1,%22link_url%22:%22\\\/ca\\\/politica-de-privacitat%22,%22link_text%22:%22Pol\u00edtica de privacitat%22}%93&#8243; fullwidth_field=&#8221;on&#8221; _builder_version=&#8221;4.23&#8243; _module_preset=&#8221;default&#8221; form_field_background_color=&#8221;RGBA(255,255,255,0)&#8221; form_field_text_color=&#8221;#275474&#8243; form_field_font=&#8221;Ruda|600|||||||&#8221; custom_margin=&#8221;||0px||false|false&#8221; border_width_all=&#8221;1px&#8221; global_colors_info=&#8221;{}&#8221;][\/et_pb_contact_field][\/et_pb_contact_form][\/et_pb_column][\/et_pb_row][\/et_pb_section][et_pb_section fb_built=&#8221;1&#8243; admin_label=&#8221;Contact Info&#8221; _builder_version=&#8221;4.23&#8243; background_color=&#8221;#FFFFFF&#8221; custom_margin=&#8221;||0px||false|false&#8221; custom_padding=&#8221;||0px||false|false&#8221; global_colors_info=&#8221;{}&#8221;][et_pb_row column_structure=&#8221;1_3,1_3,1_3&#8243; _builder_version=&#8221;4.23&#8243; custom_padding=&#8221;10vh||0px||false|false&#8221; locked=&#8221;off&#8221; global_colors_info=&#8221;{}&#8221;][et_pb_column type=&#8221;1_3&#8243; _builder_version=&#8221;4.23&#8243; background_color=&#8221;#ffffff&#8221; custom_padding=&#8221;50px|50px|50px|50px|true|true&#8221; custom_padding_tablet=&#8221;&#8221; custom_padding_phone=&#8221;|20px||20px||true&#8221; custom_padding_last_edited=&#8221;on|phone&#8221; border_radii=&#8221;on|10px|10px|10px|10px&#8221; box_shadow_style=&#8221;preset1&#8243; box_shadow_horizontal=&#8221;3px&#8221; box_shadow_vertical=&#8221;10px&#8221; box_shadow_blur=&#8221;20px&#8221; box_shadow_color=&#8221;rgba(39,84,116,0.2)&#8221; global_colors_info=&#8221;{}&#8221;][et_pb_blurb title=&#8221;Parlem&#8221; image=&#8221;https:\/\/gonzalezinformaticafacil.com\/wp-content\/uploads\/Hablemos.svg&#8221; _builder_version=&#8221;4.23.1&#8243; header_font=&#8221;Ruda|900|||||||&#8221; header_text_color=&#8221;#FD8B5E&#8221; header_font_size=&#8221;24px&#8221; header_line_height=&#8221;1.4em&#8221; body_font=&#8221;Ruda|300|||||||&#8221; body_text_color=&#8221;#275474&#8243; body_line_height=&#8221;1.8em&#8221; text_orientation=&#8221;center&#8221; link_option_url=&#8221;tel:+34615160467&#8243; link_option_url_new_window=&#8221;on&#8221; global_colors_info=&#8221;{}&#8221;]+34 615 160 467[\/et_pb_blurb][\/et_pb_column][et_pb_column type=&#8221;1_3&#8243; _builder_version=&#8221;4.23&#8243; background_color=&#8221;#ffffff&#8221; transform_scale_tablet=&#8221;&#8221; transform_scale_phone=&#8221;&#8221; transform_scale_last_edited=&#8221;on|desktop&#8221; transform_translate=&#8221;0px|-56px&#8221; transform_translate_tablet=&#8221;0px|0px&#8221; transform_translate_phone=&#8221;&#8221; transform_translate_last_edited=&#8221;on|tablet&#8221; transform_translate_linked=&#8221;off&#8221; transform_rotate_tablet=&#8221;&#8221; transform_rotate_phone=&#8221;&#8221; transform_rotate_last_edited=&#8221;on|desktop&#8221; transform_skew_tablet=&#8221;&#8221; transform_skew_phone=&#8221;&#8221; transform_skew_last_edited=&#8221;on|desktop&#8221; transform_origin_tablet=&#8221;&#8221; transform_origin_phone=&#8221;&#8221; transform_origin_last_edited=&#8221;on|desktop&#8221; transform_styles_last_edited=&#8221;on|tablet&#8221; custom_padding=&#8221;50px|50px|50px|50px|true|true&#8221; custom_padding_tablet=&#8221;&#8221; custom_padding_phone=&#8221;|20px||20px||true&#8221; custom_padding_last_edited=&#8221;on|phone&#8221; transform_styles_tablet=&#8221;&#8221; transform_styles_phone=&#8221;&#8221; border_radii=&#8221;on|10px|10px|10px|10px&#8221; box_shadow_style=&#8221;preset1&#8243; box_shadow_horizontal=&#8221;3px&#8221; box_shadow_vertical=&#8221;10px&#8221; box_shadow_blur=&#8221;20px&#8221; box_shadow_color=&#8221;rgba(39,84,116,0.2)&#8221; global_colors_info=&#8221;{}&#8221;][et_pb_blurb title=&#8221;Horari&#8221; image=&#8221;https:\/\/gonzalezinformaticafacil.com\/wp-content\/uploads\/Horario.svg&#8221; _builder_version=&#8221;4.23&#8243; header_font=&#8221;Ruda|900|||||||&#8221; header_text_color=&#8221;#FD8B5E&#8221; header_font_size=&#8221;24px&#8221; header_line_height=&#8221;1.4em&#8221; body_font=&#8221;Ruda|300|||||||&#8221; body_text_color=&#8221;#275474&#8243; body_line_height=&#8221;1.2em&#8221; text_orientation=&#8221;center&#8221; locked=&#8221;off&#8221; global_colors_info=&#8221;{}&#8221;]<\/p>\n<p>De dilluns a dijous<br \/>09h &#8211; 14h \/ 15h &#8211; 18h<\/p>\n<p>divendres<br \/>09h &#8211; 14h<\/p>\n<p>[\/et_pb_blurb][\/et_pb_column][et_pb_column type=&#8221;1_3&#8243; _builder_version=&#8221;4.23&#8243; background_color=&#8221;#ffffff&#8221; custom_padding=&#8221;50px|20px|50px|20px|true|true&#8221; custom_padding_tablet=&#8221;&#8221; custom_padding_phone=&#8221;|20px||20px||true&#8221; custom_padding_last_edited=&#8221;on|phone&#8221; border_radii=&#8221;on|10px|10px|10px|10px&#8221; box_shadow_style=&#8221;preset1&#8243; box_shadow_horizontal=&#8221;3px&#8221; box_shadow_vertical=&#8221;10px&#8221; box_shadow_blur=&#8221;20px&#8221; box_shadow_color=&#8221;rgba(39,84,116,0.2)&#8221; global_colors_info=&#8221;{}&#8221;][et_pb_blurb title=&#8221;Escriu-nos&#8221; image=&#8221;https:\/\/gonzalezinformaticafacil.com\/wp-content\/uploads\/Escribenos.svg&#8221; _builder_version=&#8221;4.23.1&#8243; header_font=&#8221;Ruda|900|||||||&#8221; header_text_color=&#8221;#FD8B5E&#8221; header_font_size=&#8221;24px&#8221; header_line_height=&#8221;1.4em&#8221; body_font=&#8221;Ruda|700|||||||&#8221; body_text_color=&#8221;#275474&#8243; body_line_height=&#8221;1.8em&#8221; text_orientation=&#8221;center&#8221; link_option_url=&#8221;mailto:servicios@gonzalezinformaticafacil.com&#8221; locked=&#8221;off&#8221; global_colors_info=&#8221;{}&#8221;]servicios@gonzalezinformaticafacil.com[\/et_pb_blurb][\/et_pb_column][\/et_pb_row][\/et_pb_section]<\/p>\n","protected":false},"excerpt":{"rendered":"<p>Volem con\u00e8ixer-tePer qualsevol dubte que tinguis, nosaltres som aqu\u00ed per resoldre-les+34 615 160 467De dilluns a dijous09h &#8211; 14h \/ 15h &#8211; 18h divendres09h &#8211; 14hservicios@gonzalezinformaticafacil.com<\/p>\n","protected":false},"author":1,"featured_media":0,"parent":0,"menu_order":0,"comment_status":"closed","ping_status":"closed","template":"","meta":{"_et_pb_use_builder":"on","_et_pb_old_content":"","_et_gb_content_width":"","footnotes":""},"class_list":["post-787","page","type-page","status-publish","hentry"],"yoast_head":"<!-- This site is optimized with the Yoast SEO plugin v27.4 - https:\/\/yoast.com\/product\/yoast-seo-wordpress\/ -->\n<title>Contacte |<\/title>\n<meta name=\"robots\" content=\"index, follow, max-snippet:-1, max-image-preview:large, max-video-preview:-1\" \/>\n<link rel=\"canonical\" href=\"https:\/\/gonzalezinformaticafacil.com\/contacto\/\" \/>\n<meta property=\"og:locale\" content=\"ca_ES\" \/>\n<meta property=\"og:type\" content=\"article\" \/>\n<meta property=\"og:title\" content=\"Contacte |\" \/>\n<meta property=\"og:description\" content=\"Volem con\u00e8ixer-tePer qualsevol dubte que tinguis, nosaltres som aqu\u00ed per resoldre-les+34 615 160 467De dilluns a dijous09h - 14h \/ 15h - 18h divendres09h - 14hservicios@gonzalezinformaticafacil.com\" \/>\n<meta property=\"og:url\" content=\"https:\/\/gonzalezinformaticafacil.com\/contacto\/\" \/>\n<meta property=\"og:site_name\" content=\"Inform\u00e0tica f\u00e0cil\" \/>\n<meta property=\"article:modified_time\" content=\"2024-02-08T14:54:00+00:00\" \/>\n<meta property=\"og:image\" content=\"https:\/\/gonzalezinformaticafacil.com\/wp-content\/uploads\/Diseno-sin-titulo-2.png\" \/>\n\t<meta property=\"og:image:width\" content=\"500\" \/>\n\t<meta property=\"og:image:height\" content=\"500\" \/>\n\t<meta property=\"og:image:type\" content=\"image\/png\" \/>\n<meta name=\"twitter:card\" content=\"summary_large_image\" \/>\n<meta name=\"twitter:label1\" content=\"Temps estimat de lectura\" \/>\n\t<meta name=\"twitter:data1\" content=\"9 minuts\" \/>\n<script type=\"application\/ld+json\" class=\"yoast-schema-graph\">{\"@context\":\"https:\\\/\\\/schema.org\",\"@graph\":[{\"@type\":\"WebPage\",\"@id\":\"https:\\\/\\\/gonzalezinformaticafacil.com\\\/contacto\\\/\",\"url\":\"https:\\\/\\\/gonzalezinformaticafacil.com\\\/contacto\\\/\",\"name\":\"Contacte |\",\"isPartOf\":{\"@id\":\"https:\\\/\\\/gonzalezinformaticafacil.com\\\/#website\"},\"datePublished\":\"2023-06-06T08:35:45+00:00\",\"dateModified\":\"2024-02-08T14:54:00+00:00\",\"breadcrumb\":{\"@id\":\"https:\\\/\\\/gonzalezinformaticafacil.com\\\/contacto\\\/#breadcrumb\"},\"inLanguage\":\"ca\",\"potentialAction\":[{\"@type\":\"ReadAction\",\"target\":[\"https:\\\/\\\/gonzalezinformaticafacil.com\\\/contacto\\\/\"]}]},{\"@type\":\"BreadcrumbList\",\"@id\":\"https:\\\/\\\/gonzalezinformaticafacil.com\\\/contacto\\\/#breadcrumb\",\"itemListElement\":[{\"@type\":\"ListItem\",\"position\":1,\"name\":\"Portada\",\"item\":\"https:\\\/\\\/gonzalezinformaticafacil.com\\\/\"},{\"@type\":\"ListItem\",\"position\":2,\"name\":\"Contacte\"}]},{\"@type\":\"WebSite\",\"@id\":\"https:\\\/\\\/gonzalezinformaticafacil.com\\\/#website\",\"url\":\"https:\\\/\\\/gonzalezinformaticafacil.com\\\/\",\"name\":\"Gonzalez Inform\u00e0tica f\u00e0cil\",\"description\":\"Servicios inform\u00e1ticos y de formaci\u00f3n\",\"publisher\":{\"@id\":\"https:\\\/\\\/gonzalezinformaticafacil.com\\\/#organization\"},\"potentialAction\":[{\"@type\":\"SearchAction\",\"target\":{\"@type\":\"EntryPoint\",\"urlTemplate\":\"https:\\\/\\\/gonzalezinformaticafacil.com\\\/?s={search_term_string}\"},\"query-input\":{\"@type\":\"PropertyValueSpecification\",\"valueRequired\":true,\"valueName\":\"search_term_string\"}}],\"inLanguage\":\"ca\"},{\"@type\":\"Organization\",\"@id\":\"https:\\\/\\\/gonzalezinformaticafacil.com\\\/#organization\",\"name\":\"Gonzalez Inform\u00e0tica f\u00e0cil\",\"url\":\"https:\\\/\\\/gonzalezinformaticafacil.com\\\/\",\"logo\":{\"@type\":\"ImageObject\",\"inLanguage\":\"ca\",\"@id\":\"https:\\\/\\\/gonzalezinformaticafacil.com\\\/#\\\/schema\\\/logo\\\/image\\\/\",\"url\":\"https:\\\/\\\/gonzalezinformaticafacil.com\\\/wp-content\\\/uploads\\\/logotipo-informaticafacil-vertical.svg\",\"contentUrl\":\"https:\\\/\\\/gonzalezinformaticafacil.com\\\/wp-content\\\/uploads\\\/logotipo-informaticafacil-vertical.svg\",\"width\":1,\"height\":1,\"caption\":\"Gonzalez Inform\u00e0tica f\u00e0cil\"},\"image\":{\"@id\":\"https:\\\/\\\/gonzalezinformaticafacil.com\\\/#\\\/schema\\\/logo\\\/image\\\/\"}}]}<\/script>\n<!-- \/ Yoast SEO plugin. -->","yoast_head_json":{"title":"Contacte |","robots":{"index":"index","follow":"follow","max-snippet":"max-snippet:-1","max-image-preview":"max-image-preview:large","max-video-preview":"max-video-preview:-1"},"canonical":"https:\/\/gonzalezinformaticafacil.com\/contacto\/","og_locale":"ca_ES","og_type":"article","og_title":"Contacte |","og_description":"Volem con\u00e8ixer-tePer qualsevol dubte que tinguis, nosaltres som aqu\u00ed per resoldre-les+34 615 160 467De dilluns a dijous09h - 14h \/ 15h - 18h divendres09h - 14hservicios@gonzalezinformaticafacil.com","og_url":"https:\/\/gonzalezinformaticafacil.com\/contacto\/","og_site_name":"Inform\u00e0tica f\u00e0cil","article_modified_time":"2024-02-08T14:54:00+00:00","og_image":[{"width":500,"height":500,"url":"https:\/\/gonzalezinformaticafacil.com\/wp-content\/uploads\/Diseno-sin-titulo-2.png","type":"image\/png"}],"twitter_card":"summary_large_image","twitter_misc":{"Temps estimat de lectura":"9 minuts"},"schema":{"@context":"https:\/\/schema.org","@graph":[{"@type":"WebPage","@id":"https:\/\/gonzalezinformaticafacil.com\/contacto\/","url":"https:\/\/gonzalezinformaticafacil.com\/contacto\/","name":"Contacte |","isPartOf":{"@id":"https:\/\/gonzalezinformaticafacil.com\/#website"},"datePublished":"2023-06-06T08:35:45+00:00","dateModified":"2024-02-08T14:54:00+00:00","breadcrumb":{"@id":"https:\/\/gonzalezinformaticafacil.com\/contacto\/#breadcrumb"},"inLanguage":"ca","potentialAction":[{"@type":"ReadAction","target":["https:\/\/gonzalezinformaticafacil.com\/contacto\/"]}]},{"@type":"BreadcrumbList","@id":"https:\/\/gonzalezinformaticafacil.com\/contacto\/#breadcrumb","itemListElement":[{"@type":"ListItem","position":1,"name":"Portada","item":"https:\/\/gonzalezinformaticafacil.com\/"},{"@type":"ListItem","position":2,"name":"Contacte"}]},{"@type":"WebSite","@id":"https:\/\/gonzalezinformaticafacil.com\/#website","url":"https:\/\/gonzalezinformaticafacil.com\/","name":"Gonzalez Inform\u00e0tica f\u00e0cil","description":"Servicios inform\u00e1ticos y de formaci\u00f3n","publisher":{"@id":"https:\/\/gonzalezinformaticafacil.com\/#organization"},"potentialAction":[{"@type":"SearchAction","target":{"@type":"EntryPoint","urlTemplate":"https:\/\/gonzalezinformaticafacil.com\/?s={search_term_string}"},"query-input":{"@type":"PropertyValueSpecification","valueRequired":true,"valueName":"search_term_string"}}],"inLanguage":"ca"},{"@type":"Organization","@id":"https:\/\/gonzalezinformaticafacil.com\/#organization","name":"Gonzalez Inform\u00e0tica f\u00e0cil","url":"https:\/\/gonzalezinformaticafacil.com\/","logo":{"@type":"ImageObject","inLanguage":"ca","@id":"https:\/\/gonzalezinformaticafacil.com\/#\/schema\/logo\/image\/","url":"https:\/\/gonzalezinformaticafacil.com\/wp-content\/uploads\/logotipo-informaticafacil-vertical.svg","contentUrl":"https:\/\/gonzalezinformaticafacil.com\/wp-content\/uploads\/logotipo-informaticafacil-vertical.svg","width":1,"height":1,"caption":"Gonzalez Inform\u00e0tica f\u00e0cil"},"image":{"@id":"https:\/\/gonzalezinformaticafacil.com\/#\/schema\/logo\/image\/"}}]}},"_links":{"self":[{"href":"https:\/\/gonzalezinformaticafacil.com\/ca\/wp-json\/wp\/v2\/pages\/787","targetHints":{"allow":["GET"]}}],"collection":[{"href":"https:\/\/gonzalezinformaticafacil.com\/ca\/wp-json\/wp\/v2\/pages"}],"about":[{"href":"https:\/\/gonzalezinformaticafacil.com\/ca\/wp-json\/wp\/v2\/types\/page"}],"author":[{"embeddable":true,"href":"https:\/\/gonzalezinformaticafacil.com\/ca\/wp-json\/wp\/v2\/users\/1"}],"replies":[{"embeddable":true,"href":"https:\/\/gonzalezinformaticafacil.com\/ca\/wp-json\/wp\/v2\/comments?post=787"}],"version-history":[{"count":22,"href":"https:\/\/gonzalezinformaticafacil.com\/ca\/wp-json\/wp\/v2\/pages\/787\/revisions"}],"predecessor-version":[{"id":972,"href":"https:\/\/gonzalezinformaticafacil.com\/ca\/wp-json\/wp\/v2\/pages\/787\/revisions\/972"}],"wp:attachment":[{"href":"https:\/\/gonzalezinformaticafacil.com\/ca\/wp-json\/wp\/v2\/media?parent=787"}],"curies":[{"name":"wp","href":"https:\/\/api.w.org\/{rel}","templated":true}]}}